{"id":61,"date":"2023-01-13T09:50:05","date_gmt":"2023-01-13T09:50:05","guid":{"rendered":"https:\/\/schild-haan.de\/?page_id=61"},"modified":"2025-10-15T14:18:39","modified_gmt":"2025-10-15T14:18:39","slug":"windows-tipps","status":"publish","type":"page","link":"https:\/\/schild-haan.de\/?page_id=61","title":{"rendered":"Windows &#8211; Tipps"},"content":{"rendered":"\n<p><strong><span style=\"font-size: 18pt;\">Windows 10 &amp; 11 reparieren mit SFC und DISM<\/span><\/strong><\/p>\n\n\n\n<p><strong>Dism \/Online \/Cleanup-Image \/ScanHealth<\/strong> &#8211; pr\u00fcft den Komponentenspeicher<br><strong>Dism \/Online \/Cleanup-Image \/CheckHealth<\/strong> &#8211; zeigt Besch\u00e4digungen an und pr\u00fcft ob diese repariert werden k\u00f6nnen<br><strong>Dism \/Online \/Cleanup-Image \/RestoreHealth<\/strong> &#8211; versucht die Fehler zu reparieren<br><strong>sfc \/scannow<\/strong> &#8211; pr\u00fcft und repariert die Systemdateien<\/p>\n\n\n\n<p><strong><span style=\"font-size: 14pt;\"><span style=\"font-size: 18pt;\">Windows 10 &amp; 11 Tipps<\/span><br><span style=\"font-size: 12pt;\">pnputil \/export-driver * e:\\TreiberBackups<\/span><\/span><\/strong><span style=\"font-size: 14pt;\"><span style=\"font-size: 12pt;\"> &#8211; Exportiert die installierten Treiber (Das Verzeichnis e:\\TreiberBackups) muss existieren und kann nat\u00fcrlich einen anderen Namen haben<\/span><\/span><br><strong>Windows Update-Cache leeren<\/strong><br>Dienst &#8222;<strong>Windows Update<\/strong>&#8220; stoppen (<strong>services.msc)<\/strong><br>Alles unterhalb von &#8222;<strong>C:\\Windows\\SoftwareDistribution\\<\/strong>&#8220; l\u00f6schen<br>Dienst &#8222;<strong>Windows Update<\/strong>&#8220; starten (<strong>services.msc<\/strong>)<br>oder per Kommandozeile:<br><strong>net stop wuauserv<br>net stop bits<br>cd %windir%\\SoftwareDistribution<br>del \/f \/s \/q *<em>.*<\/em><br>net start wuauserv<br>net start bits<\/strong><\/p>\n\n\n\n<p><strong>LAN-Geschwindigkeit<\/strong><br><strong>ncpa.cpl<\/strong> &#8211; &#8222;LAN-Adapter&#8220;-Eigenschaften &#8211; Konfigurieren &#8211; Erweitert &#8211; Speed &amp; Duplex &#8211; &#8222;<strong>Max Speed<\/strong>&#8220; ausw\u00e4hlen, wenn &#8222;<strong>Auto Negatiation<\/strong>&#8220; nicht funktioniert, bzw. pr\u00fcfen warum Netzwerkkarte und Switch nicht korrekt zusammenarbeiten<\/p>\n\n\n\n<p><strong>Ausf\u00fchren in Kommandozeile (oder per &#8222;Windows&#8220; +&#8220;R&#8220;):<br><strong>appwiz.cpl<\/strong> &#8211; <\/strong>Programme installieren\/deinstallieren<br><strong>compmgmt.msc<\/strong> &#8211; Computerverwaltung starten<br><strong>devmgmt.msc<\/strong> &#8211; Ger\u00e4temanager starten<br><strong>diskmgmt.msc<\/strong> &#8211; Diskpartitionen \u00e4ndern\/anschauen<br><strong>gpedit.msc<\/strong> &#8211; Lokale GruppenPolicy starten<br><strong>ncpa.cpl<\/strong> &#8211; Netzwerkverbingen \u00e4ndern\/anschauen<br><strong>perfmon.msc<\/strong> &#8211; Systemperformance starten<br><strong>perfmon.msc \/report<\/strong> &#8211; Performancereport erzeugen<br><strong>secpol.msc<\/strong> &#8211; Lokale SecurityPolicy starten<br><strong>services.msc<\/strong> &#8211; Dienste starten\/stoppen, etc.<br><strong>shell:appsfolder&nbsp;<\/strong>&#8211; zeigt &#8222;alle&#8220; installierten Programme an<br><strong>taskschd.msc<\/strong> &#8211; Aufgabenplanung<br><strong>timedate.cpl <\/strong>&#8211; Uhrzeit und Datum konfigurieren<br><strong>wmimgmt.msc<\/strong> &#8211; WMI-Kontrolle starten<\/p>\n\n\n\n<p><strong>Tastenk\u00fcrzel<br>Strg + A<\/strong> &#8211; Alles markieren<br><strong>Strg + C<\/strong> &#8211; Kopieren<strong><br>Strg + X<\/strong> &#8211; Ausschneiden<br><strong>Strg + Y<\/strong> &#8211; Wiederherstellen<strong><br>Strg+ Z<\/strong> &#8211; R\u00fcckg\u00e4ngig machen<strong><br><\/strong><strong>Strg + Shift +V<\/strong> &#8211; Einf\u00fcgen von Text OHNE Formatierung<br><strong>WIN + R<\/strong> &#8211; Ausf\u00fchren<strong><br>WIN + V<\/strong> &#8211; Windows Zwischenablage \u00f6ffnen<br><strong>WIN + .<\/strong> &#8211; \u00d6ffnet das Emoji-Panel<br><strong>WIN + Umschalt + S<\/strong> &#8211; Screenshot erstellen<\/p>\n\n\n\n<p><strong>Netzwerk Befehle<br \/>ipconfig<\/strong> &#8211; Zeigt die IP-Adresse, Subnetztmaske und das Gateway an<br \/><strong>ipconfig \/all<\/strong> &#8211; Detaillierte Informationen<br \/><strong>ipconfig \/release<\/strong> &#8211; l\u00f6scht die DHCP-Settings (schlecht wenn man diesen Befehl ausf\u00fchrt)<br \/><strong>ipconfig \/renew<\/strong> &#8211; erneuert die DHCP-Settings<br \/><strong>ipconfig \/displydns<\/strong> &#8211; zeigt den DNS Cache an<br \/><strong>ipconfig \/flushdns<\/strong> &#8211; l\u00f6scht den DNS Cache<br \/><br \/><strong>ping &lt;IP or Hostname&gt;<\/strong> &#8211; pr\u00fcft Verbindung zu anderem Ger\u00e4t<br \/><strong>tracert &lt;IP or Hostname&gt;<\/strong> &#8211; zeigt den &#8222;Weg&#8220; zu einem anderen Ger\u00e4t<br \/><strong>pathping<\/strong> <strong>&lt;IP or Hostname&gt;<\/strong> &#8211; Kombination aus tracert und ping<br \/><strong>nslookup &lt;Hostname&gt;<\/strong>Zeigt die IP-Adresse des Hostname an<br \/><strong>netstat<\/strong> &#8211; Zeigt die aktiven TCP\/UDP Verbindungen an<br \/><strong>netstat -b<\/strong> &#8211; Zeigt die aktiven TCP\/UDP Verbindungen an inkl. der Programme die diese nutzen<br \/><strong>netstat -r<\/strong> (oder auch <strong>route print<\/strong>) &#8211; Zeigt die aktiven Routen Verbindungen an<br \/><strong>route add\/delete<\/strong> &#8211; hinzuf\u00fcgen und l\u00f6schen von Routen<br \/><strong>arp -a<\/strong> &#8211; zeigt die MAC\/IP Adressen-Tabelle an<\/p>\n<p><strong>net view<\/strong> &#8211; zeigt die geteilten Netzwerkressourcen an<br \/><strong>net use<\/strong> &#8211; Verbindet oder l\u00f6scht Netzwerkverbindungen<br \/><strong>net user<\/strong> &#8211; zeigt loakale Benutzeraccounts<\/p>\n<p><strong>Test-NetConnection<\/strong> (Powershell) &#8211; baut eine Verbindung zu einer Adresse auf und kann auch den Port testen z.B. Test-NetConnection beispiel.de -Port 443<br \/><strong>Get-NetAdapter<\/strong> (Powershell) &#8211; Netzwerkname anzeigen<br \/><strong>Restart-NetAdapter -Name &#8222;Ethernet 2&#8220; <\/strong>(Powershell) &#8211; neustart des Netzwerkadapters &#8222;Ethernet 2&#8220;<\/p>\n","protected":false},"excerpt":{"rendered":"<p>Windows 10 &amp; 11 reparieren mit SFC und DISM Dism \/Online \/Cleanup-Image \/ScanHealth &#8211; pr\u00fcft den KomponentenspeicherDism \/Online \/Cleanup-Image \/CheckHealth &#8211; zeigt Besch\u00e4digungen an und pr\u00fcft ob diese repariert werden k\u00f6nnenDism \/Online \/Cleanup-Image \/RestoreHealth &#8211; versucht die Fehler zu reparierensfc \/scannow &#8211; pr\u00fcft und repariert die Systemdateien Windows 10 &amp; 11 Tippspnputil \/export-driver * e:\\TreiberBackups [&hellip;]<\/p>\n","protected":false},"author":2,"featured_media":0,"parent":59,"menu_order":1,"comment_status":"closed","ping_status":"closed","template":"","meta":{"footnotes":""},"class_list":["post-61","page","type-page","status-publish","hentry"],"_links":{"self":[{"href":"https:\/\/schild-haan.de\/index.php?rest_route=\/wp\/v2\/pages\/61","targetHints":{"allow":["GET"]}}],"collection":[{"href":"https:\/\/schild-haan.de\/index.php?rest_route=\/wp\/v2\/pages"}],"about":[{"href":"https:\/\/schild-haan.de\/index.php?rest_route=\/wp\/v2\/types\/page"}],"author":[{"embeddable":true,"href":"https:\/\/schild-haan.de\/index.php?rest_route=\/wp\/v2\/users\/2"}],"replies":[{"embeddable":true,"href":"https:\/\/schild-haan.de\/index.php?rest_route=%2Fwp%2Fv2%2Fcomments&post=61"}],"version-history":[{"count":0,"href":"https:\/\/schild-haan.de\/index.php?rest_route=\/wp\/v2\/pages\/61\/revisions"}],"up":[{"embeddable":true,"href":"https:\/\/schild-haan.de\/index.php?rest_route=\/wp\/v2\/pages\/59"}],"wp:attachment":[{"href":"https:\/\/schild-haan.de\/index.php?rest_route=%2Fwp%2Fv2%2Fmedia&parent=61"}],"curies":[{"name":"wp","href":"https:\/\/api.w.org\/{rel}","templated":true}]}}