{"id":123,"date":"2025-09-18T09:30:43","date_gmt":"2025-09-18T09:30:43","guid":{"rendered":"https:\/\/schild-haan.de\/?page_id=123"},"modified":"2026-04-16T19:06:50","modified_gmt":"2026-04-16T17:06:50","slug":"ios-ipados-einstellungen","status":"publish","type":"page","link":"https:\/\/schild-haan.de\/?page_id=123","title":{"rendered":"iOS\/iPadOS &#8211; Einstellungen"},"content":{"rendered":"\n\n\n<p><strong>Automatische visuelles Nachschlagen<\/strong><br>Einstellungen -Allgemein &#8211; Bildschirmfoto &#8211; <strong><strong>Automatische visuelles Nachschlagen<\/strong><\/strong><\/p>\n\n\n\n<p><strong>Vorschauen im Vollbildmodus<\/strong><br>Einstellungen -Allgemein &#8211; Bildschirmfoto &#8211; <strong>Vorschauen im Vollbildmodus<\/strong><\/p>\n\n\n\n<p><strong>Fotos in h\u00f6chster Qualit\u00e4t aufnehmen<\/strong><br>Einstellungen &#8211; Kamera &#8211; Formate &#8211; <strong>Maximale Kompatibilit\u00e4t<br><\/strong>Einstellungen &#8211; Kamera &#8211; Formate &#8211; Fotomodus &#8211; <strong>24 MP<br><\/strong>Einstellungen &#8211; Kamera &#8211; Formate &#8211; <strong>ProRAW und Aufl\u00f6sungsteuerungen<br><\/strong>Einstellungen &#8211; Kamera &#8211; Komposition &#8211; <strong>Raster<\/strong> + <strong>Wasserwaage<br><\/strong>Einstellungen &#8211; Kamera &#8211; <strong>Hinweise zum Reinigen des Objektivs<\/strong><strong><br><\/strong><\/p>\n\n\n\n<p><strong>Transparenz reduzieren<\/strong><br>Einstellungen &#8211; Bedienungshilfen &#8211; Anzeige &amp; Textgr\u00f6\u00dfe &#8211; <strong>Transparenz reduzieren<\/strong><\/p>\n\n\n\n<p><strong>Bewegung reduzieren<\/strong><br>Einstellungen &#8211; Bedienungshilfen &#8211; Bewegung &#8211; <strong>Bewegung reduzieren<\/strong><\/p>\n\n\n\n<p><strong>Adaptive Leistung<\/strong><br>Einstellungen &#8211; Batterie &#8211; Strommodus &#8211; <strong>Adaptive Leistung\/Mitteilungen f\u00fcr adaptive Leistung<\/strong><\/p>\n\n\n\n<p><strong>Tastaturfeedback<\/strong><br \/>Einstellungen &#8211; T\u00f6ne &amp; Haptik &#8211; Tastaturfeedback &#8211; <strong>Ton\/Haptik<\/strong><\/p>\n\n\n\n<p><strong>Nachrichten (unbekannte Absender)<\/strong><br>Einstellungen &#8211; Apps &#8211; Nachrichten &#8211; <strong>Unbekannte Absender \u00fcberpr\u00fcfen<\/strong><br>Einstellungen &#8211; Apps &#8211; Nachrichten &#8211; <strong>Mitteilungen erlauben &#8211; Alle<\/strong><br>Einstellungen &#8211; Apps &#8211; Nachrichten &#8211; <strong>Spam filtern<\/strong><\/p>\n\n\n","protected":false},"excerpt":{"rendered":"<p>Automatische visuelles NachschlagenEinstellungen -Allgemein &#8211; Bildschirmfoto &#8211; Automatische visuelles Nachschlagen Vorschauen im VollbildmodusEinstellungen -Allgemein &#8211; Bildschirmfoto &#8211; Vorschauen im Vollbildmodus Fotos in h\u00f6chster Qualit\u00e4t aufnehmenEinstellungen &#8211; Kamera &#8211; Formate &#8211; Maximale Kompatibilit\u00e4tEinstellungen &#8211; Kamera &#8211; Formate &#8211; Fotomodus &#8211; 24 MPEinstellungen &#8211; Kamera &#8211; Formate &#8211; ProRAW und Aufl\u00f6sungsteuerungenEinstellungen &#8211; Kamera &#8211; Komposition &#8211; Raster [&hellip;]<\/p>\n","protected":false},"author":2,"featured_media":0,"parent":59,"menu_order":0,"comment_status":"closed","ping_status":"closed","template":"","meta":{"footnotes":""},"class_list":["post-123","page","type-page","status-publish","hentry"],"_links":{"self":[{"href":"https:\/\/schild-haan.de\/index.php?rest_route=\/wp\/v2\/pages\/123","targetHints":{"allow":["GET"]}}],"collection":[{"href":"https:\/\/schild-haan.de\/index.php?rest_route=\/wp\/v2\/pages"}],"about":[{"href":"https:\/\/schild-haan.de\/index.php?rest_route=\/wp\/v2\/types\/page"}],"author":[{"embeddable":true,"href":"https:\/\/schild-haan.de\/index.php?rest_route=\/wp\/v2\/users\/2"}],"replies":[{"embeddable":true,"href":"https:\/\/schild-haan.de\/index.php?rest_route=%2Fwp%2Fv2%2Fcomments&post=123"}],"version-history":[{"count":0,"href":"https:\/\/schild-haan.de\/index.php?rest_route=\/wp\/v2\/pages\/123\/revisions"}],"up":[{"embeddable":true,"href":"https:\/\/schild-haan.de\/index.php?rest_route=\/wp\/v2\/pages\/59"}],"wp:attachment":[{"href":"https:\/\/schild-haan.de\/index.php?rest_route=%2Fwp%2Fv2%2Fmedia&parent=123"}],"curies":[{"name":"wp","href":"https:\/\/api.w.org\/{rel}","templated":true}]}}